{"id":2515,"date":"2022-09-23T13:40:43","date_gmt":"2022-09-23T11:40:43","guid":{"rendered":"https:\/\/www.ttcables.com\/?post_type=product&#038;p=2515"},"modified":"2022-09-23T14:49:58","modified_gmt":"2022-09-23T12:49:58","slug":"xvb-hr","status":"publish","type":"product","link":"https:\/\/www.ttcables.com\/hr\/proizvod\/xvb-hr\/","title":{"rendered":"XVB"},"content":{"rendered":"<h2>Podru\u010dje primjene<\/h2>\n<p>Instalacijski kabel s XLPE izolacijom i PVC vanjskim omota\u010dem, za ku\u0107ne i industrijske instalacije. Ovi se kabeli mogu polagati u zatvorenim i vanjskim prostorima, u tlo (ako su za\u0161ti\u0107eni sustavom vodova ili drugom ekvivalentnom za\u0161titom od mehani\u010dkih o\u0161te\u0107enja), ispod najmanje 3 cm betona. Ovi kabeli su namijenjeni za kori\u0161tenje na frekvenciji napajanja od 49 Hz do 61 Hz.<\/p>\n<h2><\/h2>\n<h2>Konstrukcija<\/h2>\n<p>Vodi\u010di: Cu \u017eareni vodi\u010di, klasa 1 ili klasa 2 prema normi EN 60228<br \/>\nIzolacija: XLPE masa DIX 1<br \/>\nIspuna: Ekstrudirana elastomerna ili plastomerna masa ili plasti\u010dna traka<br \/>\nPla\u0161t: PVC masa DMV 2<\/p>\n<p>&nbsp;<\/p>\n<h2>Tehni\u010dke karakteristike<\/h2>\n<p>Nazivni napon (Uo\/U): 0,6\/1 kV<br \/>\nIspitni napon: 4 kV<br \/>\nMin. temp. pri polaganju: 0\u00b0C<br \/>\nRadna temperatura: -15\u00b0C do 60\u00b0C<br \/>\nMax. temp. vodi\u010da: 90\u00b0C<br \/>\nMax. temp. kratkog spoja: 250\u00b0C<br \/>\nMin. polumjer savijanja: jedno\u017eilci &#8211; 15D; vi\u0161e\u017eilci &#8211; 12D<\/p>\n<p>&nbsp;<\/p>\n<p>&nbsp;<\/p>\n<p>&nbsp;<\/p>\n<p>&nbsp;<\/p>\n","protected":false},"excerpt":{"rendered":"<p class=\"Default\">Energetski kabel 0,6\/1 kV sa Cu vodi\u010dima, izoliran XLPE-om i opla\u0161ten PVC-om<\/p>\n","protected":false},"author":3,"featured_media":2519,"template":"","meta":{"_acf_changed":false},"product_brand":[87],"product_cat":[416,185,289,186,273,215,192,187,264,228,464,466,275,193,194,188,189],"product_tag":[],"class_list":{"0":"post-2515","1":"product","2":"type-product","3":"status-publish","4":"has-post-thumbnail","6":"product_brand-ttcables","7":"product_cat-belgija","8":"product_cat-certifikat","9":"product_cat-ce-hr","10":"product_cat-drzava","11":"product_cat-energetski-kabeli","12":"product_cat-gradevinarstvo","13":"product_cat-iec-hr","14":"product_cat-industrija","15":"product_cat-industrijski-kabeli","16":"product_cat-mreze-za-prijenos-distribuciju-i-napajanje","17":"product_cat-nbn-hd-604-s1-hr","18":"product_cat-part-4g-hr","19":"product_cat-pvc-finozicni-kabeli","20":"product_cat-reach-hr","21":"product_cat-rohs-hr","22":"product_cat-standard-hr","23":"product_cat-tip","25":"first","26":"instock","27":"shipping-taxable","28":"product-type-simple"},"acf":[],"_links":{"self":[{"href":"https:\/\/www.ttcables.com\/hr\/wp-json\/wp\/v2\/product\/2515","targetHints":{"allow":["GET"]}}],"collection":[{"href":"https:\/\/www.ttcables.com\/hr\/wp-json\/wp\/v2\/product"}],"about":[{"href":"https:\/\/www.ttcables.com\/hr\/wp-json\/wp\/v2\/types\/product"}],"author":[{"embeddable":true,"href":"https:\/\/www.ttcables.com\/hr\/wp-json\/wp\/v2\/users\/3"}],"wp:featuredmedia":[{"embeddable":true,"href":"https:\/\/www.ttcables.com\/hr\/wp-json\/wp\/v2\/media\/2519"}],"wp:attachment":[{"href":"https:\/\/www.ttcables.com\/hr\/wp-json\/wp\/v2\/media?parent=2515"}],"wp:term":[{"taxonomy":"product_brand","embeddable":true,"href":"https:\/\/www.ttcables.com\/hr\/wp-json\/wp\/v2\/product_brand?post=2515"},{"taxonomy":"product_cat","embeddable":true,"href":"https:\/\/www.ttcables.com\/hr\/wp-json\/wp\/v2\/product_cat?post=2515"},{"taxonomy":"product_tag","embeddable":true,"href":"https:\/\/www.ttcables.com\/hr\/wp-json\/wp\/v2\/product_tag?post=2515"}],"curies":[{"name":"wp","href":"https:\/\/api.w.org\/{rel}","templated":true}]}}