{"id":2715,"date":"2022-12-15T15:59:16","date_gmt":"2022-12-15T14:59:16","guid":{"rendered":"https:\/\/www.ttcables.com\/?post_type=product&#038;p=2715"},"modified":"2025-08-07T13:56:55","modified_gmt":"2025-08-07T11:56:55","slug":"mmj-hr","status":"publish","type":"product","link":"https:\/\/www.ttcables.com\/hr\/proizvod\/mmj-hr\/","title":{"rendered":"MMJ"},"content":{"rendered":"<h2>Podru\u010dje primjene<\/h2>\n<p>Za fiksne nadgradne i pod\u017ebukne instalacije, unutarnje prostore i na otvorenom. Tako\u0111er pogodan za ugradnju u utor prekriven \u017ebukom kako je navedeno, npr. u SFS 6000.<\/p>\n<p>Nije prikladno za ugradnju izravno u zemlju niti izravno u betonu bez za\u0161titne cijevi.<br \/>\nNije za instalacije podlo\u017ene elektri\u010dnim smetnjama (vidi MCCMK).<br \/>\nIzravna sun\u010deva svjetlost (UV) mo\u017ee malo promijeniti boju pla\u0161ta. Op\u0107i vodi\u010d za kori\u0161tenje i nosivi kapacitet struje prema SFS 6000.<\/p>\n<h2><\/h2>\n<h2>Konstrukcija<\/h2>\n<p>Vodi\u010di: Cu vodi\u010di, klasa 1 prema normi EN 60228<br \/>\nIzolacija: PVC masa<br \/>\nIspuna: Ekstrudirani polimer<br \/>\nPla\u0161t: PVC masa<\/p>\n<p>&nbsp;<\/p>\n<h2>Tehni\u010dke karakteristike<\/h2>\n<p>Nazivni napon (Uo\/U): 300\/500 V<br \/>\nIspitni napon: 2000 V<br \/>\nMin. temp. pri polaganju: -15\u00b0C<br \/>\nRadna temperatura: -50\u00b0C do 70\u00b0C<br \/>\nMax. temp. kratkog spoja: 160\u00b0C<br \/>\nMin. polumjer savijanja: 12 D<br \/>\nCPR klasa: Eca<\/p>\n<p>&nbsp;<\/p>\n<p>&nbsp;<\/p>\n<p>&nbsp;<\/p>\n<p>&nbsp;<\/p>\n","protected":false},"excerpt":{"rendered":"<p class=\"Default\">Instalacijski kabeli 300\/500 V sa PVC izolacijom i pla\u0161tom<\/p>\n","protected":false},"author":3,"featured_media":2721,"template":"","meta":{"_acf_changed":false},"product_brand":[87],"product_cat":[185,289,302,199,186,316,273,205,192,187,264,228,208,217,275,193,194,246,188,212,189],"product_tag":[],"class_list":{"0":"post-2715","1":"product","2":"type-product","3":"status-publish","4":"has-post-thumbnail","6":"product_brand-ttcables","7":"product_cat-certifikat","8":"product_cat-ce-hr","9":"product_cat-cpr-hr","10":"product_cat-danska","11":"product_cat-drzava","12":"product_cat-screened-cables-hr","13":"product_cat-energetski-kabeli","14":"product_cat-finska","15":"product_cat-iec-hr","16":"product_cat-industrija","17":"product_cat-industrijski-kabeli","18":"product_cat-mreze-za-prijenos-distribuciju-i-napajanje","19":"product_cat-norveska","20":"product_cat-podaktovni-centri","21":"product_cat-pvc-finozicni-kabeli","22":"product_cat-reach-hr","23":"product_cat-rohs-hr","24":"product_cat-sfs-4880-hr","25":"product_cat-standard-hr","26":"product_cat-svedska","27":"product_cat-tip","29":"first","30":"instock","31":"shipping-taxable","32":"product-type-simple"},"acf":[],"_links":{"self":[{"href":"https:\/\/www.ttcables.com\/hr\/wp-json\/wp\/v2\/product\/2715","targetHints":{"allow":["GET"]}}],"collection":[{"href":"https:\/\/www.ttcables.com\/hr\/wp-json\/wp\/v2\/product"}],"about":[{"href":"https:\/\/www.ttcables.com\/hr\/wp-json\/wp\/v2\/types\/product"}],"author":[{"embeddable":true,"href":"https:\/\/www.ttcables.com\/hr\/wp-json\/wp\/v2\/users\/3"}],"wp:featuredmedia":[{"embeddable":true,"href":"https:\/\/www.ttcables.com\/hr\/wp-json\/wp\/v2\/media\/2721"}],"wp:attachment":[{"href":"https:\/\/www.ttcables.com\/hr\/wp-json\/wp\/v2\/media?parent=2715"}],"wp:term":[{"taxonomy":"product_brand","embeddable":true,"href":"https:\/\/www.ttcables.com\/hr\/wp-json\/wp\/v2\/product_brand?post=2715"},{"taxonomy":"product_cat","embeddable":true,"href":"https:\/\/www.ttcables.com\/hr\/wp-json\/wp\/v2\/product_cat?post=2715"},{"taxonomy":"product_tag","embeddable":true,"href":"https:\/\/www.ttcables.com\/hr\/wp-json\/wp\/v2\/product_tag?post=2715"}],"curies":[{"name":"wp","href":"https:\/\/api.w.org\/{rel}","templated":true}]}}