{"id":2766,"date":"2023-01-05T07:41:54","date_gmt":"2023-01-05T06:41:54","guid":{"rendered":"https:\/\/www.ttcables.com\/?post_type=product&#038;p=2766"},"modified":"2024-05-21T12:39:27","modified_gmt":"2024-05-21T10:39:27","slug":"al-xlpe-cws-pvc-hr","status":"publish","type":"product","link":"https:\/\/www.ttcables.com\/hr\/proizvod\/al-xlpe-cws-pvc-hr\/","title":{"rendered":"Al\/XLPE\/CWS\/PVC"},"content":{"rendered":"<h2>Podru\u010dje primjene<\/h2>\n<p>Energetski distribucijski kabel za stati\u010dnu upotrebu na otvorenom (sa za\u0161titom od direktnog ultraljubi\u010dastog zra\u010denja), pod zemljom, u vodi, unutar objekata, u kabelskim kanalima, u betonu, u uvjetima gdje postoji mogu\u0107nost od mehani\u010dkih o\u0161te\u0107enja, no gdje kabel nije izlo\u017een sustavnom mehani\u010dkom naprezanju niti ja\u010dem vla\u010dnom istezanju. Upotrebljava se u elektranama, trafostanicama, industrijskim pogonima, gradskim mre\u017eama i drugim elektri\u010dnim postrojenjima. Koncentri\u010dni vodi\u010d mo\u017ee se koristiti kao neutralni, za\u0161titni ili vod uzemljenja, a kod opasnosti od grubog o\u0161te\u0107enja izolacije metalnim predmetom \u0161titi od napona dodira. Zbog konstrukcije valovitog koncentri\u010dnog vodi\u010da mogu\u0107e je uspostaviti vi\u0161e spojeva kabela bez rezanja vodi\u010da.<\/p>\n<h2>Konstrukcija<\/h2>\n<p>Vodi\u010di: Al vodi\u010di, klasa 1 prema normi EN 60228<br \/>\nIzolacija: PXLPE masa, tip DIX 3<br \/>\nIspuna: Ekstrudirana elastomerna ili plastomerna masa ili plasti\u010dna traka<br \/>\nKoncentri\u010dni vodi\u010d: Cu \u017eice (valovite) spiralno povezane Cu trakom<br \/>\nPla\u0161t: PVC masa, tip DMV 23<\/p>\n<h2>Tehni\u010dke karakteristike<\/h2>\n<p>Nazivni napon (Uo\/U): 0,6\/1 kV<br \/>\nIspitni napon: 4 kV<br \/>\nMin. temp. pri polaganju: -5\u00b0C<br \/>\nMax. radna temperatura: 90\u00b0C<br \/>\nMax. temp. kratkog spoja: 250\u00b0C<br \/>\nMin. polumjer savijanja: jedno\u017eilci &#8211; 15D; vi\u0161e\u017eilci &#8211; 12D<\/p>\n","protected":false},"excerpt":{"rendered":"<p>Energetski kabel 0,6\/1 kV sa Al vodi\u010dima, izoliran XLPE-om i opla\u0161ten PVC-om<\/p>\n","protected":false},"author":3,"featured_media":2817,"template":"","meta":{"_acf_changed":false},"product_brand":[87],"product_cat":[474,185,289,186,316,273,215,192,187,264,228,201,193,194,188,189,337],"product_tag":[],"class_list":{"0":"post-2766","1":"product","2":"type-product","3":"status-publish","4":"has-post-thumbnail","6":"product_brand-ttcables","7":"product_cat-bs-7870-3-40-hr","8":"product_cat-certifikat","9":"product_cat-ce-hr","10":"product_cat-drzava","11":"product_cat-screened-cables-hr","12":"product_cat-energetski-kabeli","13":"product_cat-gradevinarstvo","14":"product_cat-iec-hr","15":"product_cat-industrija","16":"product_cat-industrijski-kabeli","17":"product_cat-mreze-za-prijenos-distribuciju-i-napajanje","18":"product_cat-njemacka","19":"product_cat-reach-hr","20":"product_cat-rohs-hr","21":"product_cat-standard-hr","22":"product_cat-tip","23":"product_cat-uk-hr","25":"first","26":"instock","27":"shipping-taxable","28":"product-type-simple"},"acf":[],"_links":{"self":[{"href":"https:\/\/www.ttcables.com\/hr\/wp-json\/wp\/v2\/product\/2766","targetHints":{"allow":["GET"]}}],"collection":[{"href":"https:\/\/www.ttcables.com\/hr\/wp-json\/wp\/v2\/product"}],"about":[{"href":"https:\/\/www.ttcables.com\/hr\/wp-json\/wp\/v2\/types\/product"}],"author":[{"embeddable":true,"href":"https:\/\/www.ttcables.com\/hr\/wp-json\/wp\/v2\/users\/3"}],"wp:featuredmedia":[{"embeddable":true,"href":"https:\/\/www.ttcables.com\/hr\/wp-json\/wp\/v2\/media\/2817"}],"wp:attachment":[{"href":"https:\/\/www.ttcables.com\/hr\/wp-json\/wp\/v2\/media?parent=2766"}],"wp:term":[{"taxonomy":"product_brand","embeddable":true,"href":"https:\/\/www.ttcables.com\/hr\/wp-json\/wp\/v2\/product_brand?post=2766"},{"taxonomy":"product_cat","embeddable":true,"href":"https:\/\/www.ttcables.com\/hr\/wp-json\/wp\/v2\/product_cat?post=2766"},{"taxonomy":"product_tag","embeddable":true,"href":"https:\/\/www.ttcables.com\/hr\/wp-json\/wp\/v2\/product_tag?post=2766"}],"curies":[{"name":"wp","href":"https:\/\/api.w.org\/{rel}","templated":true}]}}