{"id":3052,"date":"2023-11-16T12:17:02","date_gmt":"2023-11-16T11:17:03","guid":{"rendered":"https:\/\/www.ttcables.com\/?post_type=product&#038;p=3052"},"modified":"2023-11-16T12:20:26","modified_gmt":"2023-11-16T11:20:26","slug":"nycwy-hr","status":"publish","type":"product","link":"https:\/\/www.ttcables.com\/hr\/proizvod\/nycwy-hr\/","title":{"rendered":"NYCWY"},"content":{"rendered":"<h2>Podru\u010dje primjene<\/h2>\n<p>Energetski distribucijski kabel za stati\u010dnu upotrebu na otvorenom (sa za\u0161titom od direktnog ultraljubi\u010dastog zra\u010denja), pod zemljom, u vodi, unutar objekata, u kabelskim kanalima, u betonu, u uvjetima gdje postoji mogu\u0107nost od mehani\u010dkih o\u0161te\u0107enja, no gdje kabel nije izlo\u017een sustavnom mehani\u010dkom naprezanju niti ja\u010dem vla\u010dnom istezanju. Upotrebljava se u elektranama, trafostanicama, industrijskim pogonima, gradskim mre\u017eama i drugim elektri\u010dnim postrojenjima. Koncentri\u010dni vodi\u010d mo\u017ee se koristiti kao neutralni, za\u0161titni ili vod uzemljenja, a kod opasnosti od grubog o\u0161te\u0107enja izolacije metalnim predmetom \u0161titi od napona dodira. Zbog konstrukcije valovitog koncentri\u010dnog vodi\u010da mogu\u0107e je uspostaviti vi\u0161e spojeva kabela bez rezanja vodi\u010da.<\/p>\n<h2><\/h2>\n<h2>Konstrukcija<\/h2>\n<p>Vodi\u010di: Cu vodi\u010di, klasa 2 prema normi EN 60228<br \/>\nIzolacija: PVC masa<br \/>\nIspuna: Ekstrudirana elastomerna ili plastomerna masa ili plasti\u010dna traka<br \/>\nKoncentri\u010dni vodi\u010d: Cu \u017eice (valovite) spiralno povezane Cu trakom<br \/>\nPla\u0161t: PVC masa<\/p>\n<h2>Tehni\u010dke karakteristike<\/h2>\n<p>Nazivni napon (Uo\/U): 0,6\/1 kV<br \/>\nIspitni napon: 4 kV<br \/>\nMin. temp. pri polaganju: -5\u00b0C<br \/>\nMax. radna temperatura: 90\u00b0C<br \/>\nMax. temp. kratkog spoja: 250\u00b0C<br \/>\nMin. polumjer savijanja: jedno\u017eilci &#8211; 15D; vi\u0161e\u017eilci &#8211; 12D<br \/>\nOsobine gorenja: EN 60331-2<\/p>\n<p>&nbsp;<\/p>\n<p>&nbsp;<\/p>\n<p>&nbsp;<\/p>\n<p>&nbsp;<\/p>\n","protected":false},"excerpt":{"rendered":"<p>Energetski kabel 0,6\/1 kV sa Cu vodi\u010dima, izoliran i opla\u0161ten PVC-om<\/p>\n","protected":false},"author":3,"featured_media":3056,"template":"","meta":{"_acf_changed":false},"product_brand":[87],"product_cat":[185,289,186,273,293,198,192,187,264,267,398,228,201,341,365,193,194,188,189,247],"product_tag":[],"class_list":{"0":"post-3052","1":"product","2":"type-product","3":"status-publish","4":"has-post-thumbnail","6":"product_brand-ttcables","7":"product_cat-certifikat","8":"product_cat-ce-hr","9":"product_cat-drzava","10":"product_cat-energetski-kabeli","11":"product_cat-hd-603-s1-hr-hr","12":"product_cat-hrvatska","13":"product_cat-iec-hr","14":"product_cat-industrija","15":"product_cat-industrijski-kabeli","16":"product_cat-lszh-kabeli-bez-halogeni-kabeli","17":"product_cat-madarska","18":"product_cat-mreze-za-prijenos-distribuciju-i-napajanje","19":"product_cat-njemacka","20":"product_cat-lv-installation-cables-hr","21":"product_cat-poljska","22":"product_cat-reach-hr","23":"product_cat-rohs-hr","24":"product_cat-standard-hr","25":"product_cat-tip","26":"product_cat-vde-0276-603-hr","28":"first","29":"instock","30":"shipping-taxable","31":"product-type-simple"},"acf":[],"_links":{"self":[{"href":"https:\/\/www.ttcables.com\/hr\/wp-json\/wp\/v2\/product\/3052","targetHints":{"allow":["GET"]}}],"collection":[{"href":"https:\/\/www.ttcables.com\/hr\/wp-json\/wp\/v2\/product"}],"about":[{"href":"https:\/\/www.ttcables.com\/hr\/wp-json\/wp\/v2\/types\/product"}],"author":[{"embeddable":true,"href":"https:\/\/www.ttcables.com\/hr\/wp-json\/wp\/v2\/users\/3"}],"wp:featuredmedia":[{"embeddable":true,"href":"https:\/\/www.ttcables.com\/hr\/wp-json\/wp\/v2\/media\/3056"}],"wp:attachment":[{"href":"https:\/\/www.ttcables.com\/hr\/wp-json\/wp\/v2\/media?parent=3052"}],"wp:term":[{"taxonomy":"product_brand","embeddable":true,"href":"https:\/\/www.ttcables.com\/hr\/wp-json\/wp\/v2\/product_brand?post=3052"},{"taxonomy":"product_cat","embeddable":true,"href":"https:\/\/www.ttcables.com\/hr\/wp-json\/wp\/v2\/product_cat?post=3052"},{"taxonomy":"product_tag","embeddable":true,"href":"https:\/\/www.ttcables.com\/hr\/wp-json\/wp\/v2\/product_tag?post=3052"}],"curies":[{"name":"wp","href":"https:\/\/api.w.org\/{rel}","templated":true}]}}