{"id":3498,"date":"2024-04-29T13:00:27","date_gmt":"2024-04-29T11:00:28","guid":{"rendered":"https:\/\/www.ttcables.com\/?post_type=product&#038;p=3498"},"modified":"2024-09-13T14:32:05","modified_gmt":"2024-09-13T12:32:05","slug":"v-vmvksas-copy","status":"publish","type":"product","link":"https:\/\/www.ttcables.com\/hr\/proizvod\/v-vmvksas-copy\/","title":{"rendered":"H05V-K"},"content":{"rendered":"<h2>Podru\u010dje primjene<\/h2>\n<p>Fleksibilni izolirani vodi\u010d za o\u017ei\u010denje unutar elektri\u010dnih ure\u0111aja, rasvjetnih tijela, sklopnih i razvodnih plo\u010da, tj. kao spojna premosnica. Pola\u017ee se u suhim prostorijama, u otvaraju\u0107em elektroinstalacijskom kanalu samo za signalne i upravlja\u010dke krugove. Nije za izravnu primjenu ispod \u017ebuke.<\/p>\n<h2>Konstrukcija<\/h2>\n<p>Vodi\u010di: Cu vodi\u010di, klasa 5 prema normi EN 60228<br \/>\nIzolacija: PVC masa, tip TI 1 prema normi EN 50363-3<br \/>\nBoja: Prema standardu EN 50525-1: crna, plava, sme\u0111a, siva, naran\u010dasta, roza, crvena, tirkizna, ljubi\u010dasta, bijela i \u017euto-zelena<\/p>\n<p>&nbsp;<\/p>\n<h2>Tehni\u010dke karakteristike<\/h2>\n<p>Nazivni napon (Uo\/U): 300\/500 V<br \/>\nIspitni napon: 2,0 kV<br \/>\nMax. radna temperatura: 70\u00b0C<br \/>\nMin. temp. pri instalaciji: -5\u00b0C<br \/>\nTemperatura okoline: -35\u00b0C do 35\u00b0C<br \/>\nMax. temp. kratkog spoja: 160\u00b0C<br \/>\nMin. polumjer savijanja: 8D<br \/>\nCPR klasa: Eca<\/p>\n","protected":false},"excerpt":{"rendered":"<p>Nisko-naponski 300\/500 V fleksibilni Cu vodi\u010d izoliran PVC-om<\/p>\n","protected":false},"author":3,"featured_media":3502,"template":"","meta":{"_acf_changed":false},"product_brand":[87],"product_cat":[196,197,185,287,289,302,186,232,273,202,215,198,192,237,187,260,228,201,341,365,275,193,194,286,206,379,207,188,189],"product_tag":[],"class_list":{"0":"post-3498","1":"product","2":"type-product","3":"status-publish","4":"has-post-thumbnail","6":"product_brand-ttcables","7":"product_cat-austrija","8":"product_cat-bosna-i-hercegovina","9":"product_cat-certifikat","10":"product_cat-ceska","11":"product_cat-ce-hr","12":"product_cat-cpr-hr","13":"product_cat-drzava","14":"product_cat-en-50525-2-31-hr","15":"product_cat-energetski-kabeli","16":"product_cat-francuska","17":"product_cat-gradevinarstvo","18":"product_cat-hrvatska","19":"product_cat-iec-hr","20":"product_cat-iec-60227-hr","21":"product_cat-industrija","22":"product_cat-instalacijski-vodovi-s-izolacijom","23":"product_cat-mreze-za-prijenos-distribuciju-i-napajanje","24":"product_cat-njemacka","25":"product_cat-lv-installation-cables-hr","26":"product_cat-poljska","27":"product_cat-pvc-finozicni-kabeli","28":"product_cat-reach-hr","29":"product_cat-rohs-hr","30":"product_cat-slovacka","31":"product_cat-slovenija","32":"product_cat-spanjolska","33":"product_cat-srbija","34":"product_cat-standard-hr","35":"product_cat-tip","37":"first","38":"instock","39":"shipping-taxable","40":"product-type-simple"},"acf":[],"_links":{"self":[{"href":"https:\/\/www.ttcables.com\/hr\/wp-json\/wp\/v2\/product\/3498","targetHints":{"allow":["GET"]}}],"collection":[{"href":"https:\/\/www.ttcables.com\/hr\/wp-json\/wp\/v2\/product"}],"about":[{"href":"https:\/\/www.ttcables.com\/hr\/wp-json\/wp\/v2\/types\/product"}],"author":[{"embeddable":true,"href":"https:\/\/www.ttcables.com\/hr\/wp-json\/wp\/v2\/users\/3"}],"wp:featuredmedia":[{"embeddable":true,"href":"https:\/\/www.ttcables.com\/hr\/wp-json\/wp\/v2\/media\/3502"}],"wp:attachment":[{"href":"https:\/\/www.ttcables.com\/hr\/wp-json\/wp\/v2\/media?parent=3498"}],"wp:term":[{"taxonomy":"product_brand","embeddable":true,"href":"https:\/\/www.ttcables.com\/hr\/wp-json\/wp\/v2\/product_brand?post=3498"},{"taxonomy":"product_cat","embeddable":true,"href":"https:\/\/www.ttcables.com\/hr\/wp-json\/wp\/v2\/product_cat?post=3498"},{"taxonomy":"product_tag","embeddable":true,"href":"https:\/\/www.ttcables.com\/hr\/wp-json\/wp\/v2\/product_tag?post=3498"}],"curies":[{"name":"wp","href":"https:\/\/api.w.org\/{rel}","templated":true}]}}