{"id":3515,"date":"2024-05-08T08:42:08","date_gmt":"2024-05-08T06:42:09","guid":{"rendered":"https:\/\/www.ttcables.com\/?post_type=product&#038;p=3515"},"modified":"2024-05-08T08:59:55","modified_gmt":"2024-05-08T06:59:55","slug":"h05v-k-copy","status":"publish","type":"product","link":"https:\/\/www.ttcables.com\/hr\/proizvod\/h05v-k-copy\/","title":{"rendered":"VG-YMvKas"},"content":{"rendered":"<h2>Podru\u010dje primjene<\/h2>\n<p>Kabel za napajanje i upravljanje za op\u0107u upotrebu u niskonaponskim instalacijama do 1 kV. Pogodno za primjene nazna\u010dene u NEN 1010. Pogodno za izravno ukopavanje (i u vla\u017enim uvjetima, ali ne izravno u vodu) i nadzemlje, kao kabel za napajanje za mre\u017enu mre\u017eu i razdjelne plo\u010de.<\/p>\n<h2>Konstrukcija<\/h2>\n<p>Vodi\u010di: Cu vodi\u010di, klasa 2 prema normi EN 60228<br \/>\nIzolacija: XLPE masa<br \/>\nPrvi pla\u0161t: PVC masa<br \/>\nArmatura: galvanizirane \u010deli\u010dne \u017eice sa uzemljenjem od Cu \u017eica i kontra spiralom od galvanizirane \u010deli\u010dne trake<br \/>\nPla\u0161t: PVC FR masa, UV otporna<\/p>\n<p>&nbsp;<\/p>\n<h2>Tehni\u010dke karakteristike<\/h2>\n<p>Nazivni napon (Uo\/U): 0,6\/1 kV<br \/>\nIspitni napon: 4 kV<br \/>\nMin. temp. pri polaganju: 0\u00b0C<br \/>\nMax. radna temperatura: 90\u00b0C<br \/>\nMax. temp. kratkog spoja: 250\u00b0C<br \/>\nMin. polumjer savijanja: 16D<br \/>\nMin. polumjer savijanja pri instalaciji: 10D<\/p>\n","protected":false},"excerpt":{"rendered":"<p>Energetski kabel 0,6\/1 kV sa Cu vodi\u010dima, izoliran XLPE-om i opla\u0161ten PVC-om.<\/p>\n","protected":false},"author":3,"featured_media":3519,"template":"","meta":{"_acf_changed":false},"product_brand":[87],"product_cat":[185,289,186,316,273,215,235,192,239,187,264,228,209,250,193,194,188,189],"product_tag":[],"class_list":{"0":"post-3515","1":"product","2":"type-product","3":"status-publish","4":"has-post-thumbnail","6":"product_brand-ttcables","7":"product_cat-certifikat","8":"product_cat-ce-hr","9":"product_cat-drzava","10":"product_cat-screened-cables-hr","11":"product_cat-energetski-kabeli","12":"product_cat-gradevinarstvo","13":"product_cat-hd-604-s1-hr","14":"product_cat-iec-hr","15":"product_cat-iec-60502-1-hr","16":"product_cat-industrija","17":"product_cat-industrijski-kabeli","18":"product_cat-mreze-za-prijenos-distribuciju-i-napajanje","19":"product_cat-nizozemska","20":"product_cat-oklopljeni-kabeli","21":"product_cat-reach-hr","22":"product_cat-rohs-hr","23":"product_cat-standard-hr","24":"product_cat-tip","26":"first","27":"instock","28":"shipping-taxable","29":"product-type-simple"},"acf":[],"_links":{"self":[{"href":"https:\/\/www.ttcables.com\/hr\/wp-json\/wp\/v2\/product\/3515","targetHints":{"allow":["GET"]}}],"collection":[{"href":"https:\/\/www.ttcables.com\/hr\/wp-json\/wp\/v2\/product"}],"about":[{"href":"https:\/\/www.ttcables.com\/hr\/wp-json\/wp\/v2\/types\/product"}],"author":[{"embeddable":true,"href":"https:\/\/www.ttcables.com\/hr\/wp-json\/wp\/v2\/users\/3"}],"wp:featuredmedia":[{"embeddable":true,"href":"https:\/\/www.ttcables.com\/hr\/wp-json\/wp\/v2\/media\/3519"}],"wp:attachment":[{"href":"https:\/\/www.ttcables.com\/hr\/wp-json\/wp\/v2\/media?parent=3515"}],"wp:term":[{"taxonomy":"product_brand","embeddable":true,"href":"https:\/\/www.ttcables.com\/hr\/wp-json\/wp\/v2\/product_brand?post=3515"},{"taxonomy":"product_cat","embeddable":true,"href":"https:\/\/www.ttcables.com\/hr\/wp-json\/wp\/v2\/product_cat?post=3515"},{"taxonomy":"product_tag","embeddable":true,"href":"https:\/\/www.ttcables.com\/hr\/wp-json\/wp\/v2\/product_tag?post=3515"}],"curies":[{"name":"wp","href":"https:\/\/api.w.org\/{rel}","templated":true}]}}