{"id":4075,"date":"2025-02-06T13:44:44","date_gmt":"2025-02-06T12:44:44","guid":{"rendered":"https:\/\/www.ttcables.com\/?post_type=product&#038;p=4075"},"modified":"2026-01-20T16:02:55","modified_gmt":"2026-01-20T15:02:55","slug":"nhxh-fe180-e90-copy","status":"publish","type":"product","link":"https:\/\/www.ttcables.com\/hr\/proizvod\/nhxh-fe180-e90-copy\/","title":{"rendered":"NHXH FE180\/E90"},"content":{"rendered":"<h2>Podru\u010dje primjene<\/h2>\n<p>NHXH kabeli pogodni su za fiksnu instalaciju u suhim i vla\u017enim prostorijama, iznad ili ispod \u017ebuke, na kabelske police kao i u zidove i beton. Nisu za izravno polaganje u zemlju niti u vodu. Za vanjsku uporabu mogu se polagati u cijevima, no tada je potrebno poduzeti sve mjere opreza da u cijevi ne mo\u017ee doprijeti voda. Pogodni su za elektri\u010dne instalacije s izrazitim protupo\u017earnim zahtjevima i zahtjevima za o\u010duvanjem funkcije, za alarmne sustave, senzore za po\u017ear, dizala za evakuaciju te za druge sustave napajanja u slu\u010daju nu\u017ede.<\/p>\n<p>Primjereni su za uporabu svuda gdje u slu\u010daju po\u017eara treba za\u0161tititi ljude i materijalna dobra. Preporu\u010dljivi su za javne objekte u kojima se okuplja puno ljudi i za objekte visoke materijalne vrijednosti, za industrijske komplekse, elektrane, trafo-stanice, komunalne objekte, hotele, trgova\u010dke centre, bolnice, \u0161kole, aerodrome, podzemne \u017eeljeznice i sli\u010dno. Va\u017eno je da se NHXH kabeli ne postavljaju na obi\u010dne police, nego na vatrootporne, jer one u slu\u010daju po\u017eara zadr\u017eavaju svoju geometriju. Zadr\u017eavanje NHXH kabela u istom polo\u017eaju za vrijeme po\u017eara omogu\u0107uje dodatnu za\u0161titu vodljivosti kabela mineralnim slojem koji se izlu\u010duje oko kabela kod povi\u0161ene temperature.<\/p>\n<p>&nbsp;<\/p>\n<p>&nbsp;<\/p>\n<h2>Konstrukcija<\/h2>\n<p>Vodi\u010di: Cu vodi\u010di, klasa 1 ili 2 prema normi EN 60228<br \/>\nIzolacija 1: Vatro-otporna dielektri\u010dna mica traka<br \/>\nIzolacija 2: Umre\u017eeni bezhalogeni polimer<br \/>\nIspuna: Ekstrudirani bezhalogeni polimer ili omot od staklenih niti<br \/>\nPla\u0161t: HFFR masa<\/p>\n<p>&nbsp;<\/p>\n<h2>Tehni\u010dke karakteristike<\/h2>\n<p>Nazivni napon (Uo\/U): 4 kV<br \/>\nMin. temp. pri polaganju: -5\u00b0C<br \/>\nMax. radna temperatura: 90\u00b0C<br \/>\nMax. temp. kratkog spoja: 250\u00b0C<br \/>\nMin. polumjer savijanja: jedno\u017eilci &#8211; 15D; vi\u0161e\u017eilci &#8211; 12D<\/p>\n<p>&nbsp;<\/p>\n","protected":false},"excerpt":{"rendered":"<p>Bezhalogeni energetski i signalni 0,6\/1 kV kabel, pobolj\u0161anih svojstava za slu\u010daj po\u017eara, s o\u010duvanom elektri\u010dnom funkcionalno\u0161\u0107u 90 minuta<\/p>\n","protected":false},"author":3,"featured_media":4079,"template":"","meta":{"_acf_changed":false},"product_brand":[87],"product_cat":[185,289,199,369,186,273,200,205,215,235,192,187,204,267,228,208,193,194,188,212,189,259],"product_tag":[],"class_list":{"0":"post-4075","1":"product","2":"type-product","3":"status-publish","4":"has-post-thumbnail","6":"product_brand-ttcables","7":"product_cat-certifikat","8":"product_cat-ce-hr","9":"product_cat-danska","10":"product_cat-din-vde-0266-hr","11":"product_cat-drzava","12":"product_cat-energetski-kabeli","13":"product_cat-estonija","14":"product_cat-finska","15":"product_cat-gradevinarstvo","16":"product_cat-hd-604-s1-hr","17":"product_cat-iec-hr","18":"product_cat-industrija","19":"product_cat-litvanija","20":"product_cat-lszh-kabeli-bez-halogeni-kabeli","21":"product_cat-mreze-za-prijenos-distribuciju-i-napajanje","22":"product_cat-norveska","23":"product_cat-reach-hr","24":"product_cat-rohs-hr","25":"product_cat-standard-hr","26":"product_cat-svedska","27":"product_cat-tip","28":"product_cat-vatrotporni-kabeli","30":"first","31":"instock","32":"shipping-taxable","33":"product-type-simple"},"acf":[],"_links":{"self":[{"href":"https:\/\/www.ttcables.com\/hr\/wp-json\/wp\/v2\/product\/4075","targetHints":{"allow":["GET"]}}],"collection":[{"href":"https:\/\/www.ttcables.com\/hr\/wp-json\/wp\/v2\/product"}],"about":[{"href":"https:\/\/www.ttcables.com\/hr\/wp-json\/wp\/v2\/types\/product"}],"author":[{"embeddable":true,"href":"https:\/\/www.ttcables.com\/hr\/wp-json\/wp\/v2\/users\/3"}],"wp:featuredmedia":[{"embeddable":true,"href":"https:\/\/www.ttcables.com\/hr\/wp-json\/wp\/v2\/media\/4079"}],"wp:attachment":[{"href":"https:\/\/www.ttcables.com\/hr\/wp-json\/wp\/v2\/media?parent=4075"}],"wp:term":[{"taxonomy":"product_brand","embeddable":true,"href":"https:\/\/www.ttcables.com\/hr\/wp-json\/wp\/v2\/product_brand?post=4075"},{"taxonomy":"product_cat","embeddable":true,"href":"https:\/\/www.ttcables.com\/hr\/wp-json\/wp\/v2\/product_cat?post=4075"},{"taxonomy":"product_tag","embeddable":true,"href":"https:\/\/www.ttcables.com\/hr\/wp-json\/wp\/v2\/product_tag?post=4075"}],"curies":[{"name":"wp","href":"https:\/\/api.w.org\/{rel}","templated":true}]}}