{"id":4327,"date":"2025-06-06T12:36:26","date_gmt":"2025-06-06T10:36:26","guid":{"rendered":"https:\/\/www.ttcables.com\/?post_type=product&#038;p=4327"},"modified":"2026-03-02T15:03:58","modified_gmt":"2026-03-02T14:03:58","slug":"hmh-copy","status":"publish","type":"product","link":"https:\/\/www.ttcables.com\/hr\/proizvod\/hmh-copy\/","title":{"rendered":"HMH Dca"},"content":{"rendered":"<h2>Podru\u010dje primjene<\/h2>\n<p>Ako su potrebni ekolo\u0161ki i bez-halogeni kabeli. Za fiksnu ugradnju u suhim i vla\u017enim prostorijama i vani, kao i u zraku.Mo\u017ee se polo\u017eiti u zemlju. Mo\u017ee se ugra\u0111ivati u zid i direktno u zemlju. Nije pogodno za ugradnju u vibrirani beton. Izolacija vodi\u010da mora biti za\u0161ti\u0107ena od izlo\u017eenosti svjetlosti. Instalaciju treba izvoditi samo licencirani elektri\u010dar.<\/p>\n<h2>Konstrukcija<\/h2>\n<p>Vodi\u010di: Cu vodi\u010di, klasa 1 (1,5 \u2013 4 mm2); klasa 2 (&gt; 4 mm2) prema EN 60228<\/p>\n<p>Izolacija: XLPE masa, bezhalogena<br \/>\nIspuna: 1,5\u20132,5 mm\u00b2 \u2013 punjenje pla\u0161tem &gt; 4 mm\u00b2 \u2013 EPDM guma<\/p>\n<p>Pla\u0161t: Siva HFFR masa, otporna na UV<\/p>\n<h2>Tehni\u010dke karakteristike<\/h2>\n<p>CPR klasa: Dca \u2013 s1, d2, a1<\/p>\n<p>Ispitni napon:<\/p>\n<p>1,5 \u2013 2,5 mm\u00b2: 2000 V<\/p>\n<p>4 \u2013 16 mm\u00b2: 4000 V<\/p>\n<p>Nazivni napon:<\/p>\n<p>1,5 \u2013 2,5 mm\u00b2: 300\/500 V<\/p>\n<p>4 \u2013 16 mm\u00b2: 0,6\/1 kV<\/p>\n<p>Minimalni radijus savijanja: 10 \u00d7 D (promjer kabela)<\/p>\n<p>Temperatura polaganja kabela: od -15\u00b0C do +50\u00b0C<\/p>\n<p>Maks. radna temperatura: 90\u00b0C<\/p>\n<p>Maks. temperatura u slu\u010daju kratkog spoja: 250\u00b0C<\/p>\n<p>Gusto\u0107a dima: prema EN 61034-2<\/p>\n<p>Otpornost na plamen: prema EN 60332-1-2<\/p>\n<p>Bez halogena: prema EN 60754-1\/2<\/p>\n","protected":false},"excerpt":{"rendered":"<p><span class=\"fontstyle0\">Bezhalogeni instalacijski kabeli 300\/500 V<\/span><\/p>\n","protected":false},"author":3,"featured_media":4331,"template":"","meta":{"_acf_changed":false},"product_brand":[87],"product_cat":[197,185,289,302,199,357,186,273,205,215,356,293,198,192,239,187,267,228,208,354,193,194,207,188,212,189,259],"product_tag":[],"class_list":{"0":"post-4327","1":"product","2":"type-product","3":"status-publish","4":"has-post-thumbnail","6":"product_brand-ttcables","7":"product_cat-bosna-i-hercegovina","8":"product_cat-certifikat","9":"product_cat-ce-hr","10":"product_cat-cpr-hr","11":"product_cat-danska","12":"product_cat-din-vde-0250-215-hr","13":"product_cat-drzava","14":"product_cat-energetski-kabeli","15":"product_cat-finska","16":"product_cat-gradevinarstvo","17":"product_cat-grcka","18":"product_cat-hd-603-s1-hr-hr","19":"product_cat-hrvatska","20":"product_cat-iec-hr","21":"product_cat-iec-60502-1-hr","22":"product_cat-industrija","23":"product_cat-lszh-kabeli-bez-halogeni-kabeli","24":"product_cat-mreze-za-prijenos-distribuciju-i-napajanje","25":"product_cat-norveska","26":"product_cat-p-5b-hr","27":"product_cat-reach-hr","28":"product_cat-rohs-hr","29":"product_cat-srbija","30":"product_cat-standard-hr","31":"product_cat-svedska","32":"product_cat-tip","33":"product_cat-vatrotporni-kabeli","35":"first","36":"instock","37":"shipping-taxable","38":"product-type-simple"},"acf":[],"_links":{"self":[{"href":"https:\/\/www.ttcables.com\/hr\/wp-json\/wp\/v2\/product\/4327","targetHints":{"allow":["GET"]}}],"collection":[{"href":"https:\/\/www.ttcables.com\/hr\/wp-json\/wp\/v2\/product"}],"about":[{"href":"https:\/\/www.ttcables.com\/hr\/wp-json\/wp\/v2\/types\/product"}],"author":[{"embeddable":true,"href":"https:\/\/www.ttcables.com\/hr\/wp-json\/wp\/v2\/users\/3"}],"wp:featuredmedia":[{"embeddable":true,"href":"https:\/\/www.ttcables.com\/hr\/wp-json\/wp\/v2\/media\/4331"}],"wp:attachment":[{"href":"https:\/\/www.ttcables.com\/hr\/wp-json\/wp\/v2\/media?parent=4327"}],"wp:term":[{"taxonomy":"product_brand","embeddable":true,"href":"https:\/\/www.ttcables.com\/hr\/wp-json\/wp\/v2\/product_brand?post=4327"},{"taxonomy":"product_cat","embeddable":true,"href":"https:\/\/www.ttcables.com\/hr\/wp-json\/wp\/v2\/product_cat?post=4327"},{"taxonomy":"product_tag","embeddable":true,"href":"https:\/\/www.ttcables.com\/hr\/wp-json\/wp\/v2\/product_tag?post=4327"}],"curies":[{"name":"wp","href":"https:\/\/api.w.org\/{rel}","templated":true}]}}