{"id":4443,"date":"2025-07-14T09:31:07","date_gmt":"2025-07-14T07:31:08","guid":{"rendered":"https:\/\/www.ttcables.com\/?post_type=product&#038;p=4443"},"modified":"2025-07-14T09:41:20","modified_gmt":"2025-07-14T07:41:20","slug":"amka-hr","status":"publish","type":"product","link":"https:\/\/www.ttcables.com\/hr\/proizvod\/amka-hr\/","title":{"rendered":"AMKA"},"content":{"rendered":"<h2>Podru\u010dje primjene<\/h2>\n<p>Kabel namijenjen za kori\u0161tenje u niskonaponskim nadzemnim distribucijskim mre\u017eama u urbanim, prigradskim i ruralnim podru\u010djima. Pogodan za opskrbu elektri\u010dnom energijom udaljenih objekata te za privremena i stalna naselja. Dizajniran za vanjsku monta\u017eu na stupovima; tako\u0111er se mo\u017ee koristiti za nadzemne priklju\u010dke na zgrade. U\u010dvr\u0161\u0107enja kompatibilna sa standardima EN 50483-1 i EN 50483-3. Mo\u017ee se skladi\u0161titi na otvorenom do 5 godina bez pogor\u0161anja elektri\u010dnih ili mehani\u010dkih svojstava, \u010dak i kada je izlo\u017een suncu, vlazi, toplini, mrazu ili njihovim kombinacijama.<\/p>\n<h2>Konstrukcija<\/h2>\n<p data-start=\"771\" data-end=\"818\">Vodi\u010di faza: aluminij, klasa 2 prema EN 60228<\/p>\n<p data-start=\"771\" data-end=\"818\">Neutralni vodi\u010d: aluminijska legura, klasa 2 prema HD 626 S1 5D<\/p>\n<p data-start=\"771\" data-end=\"818\">Izolacija: Crna vremenski otporna PE smjesa, TIP &#8211; 3<\/p>\n<p data-start=\"771\" data-end=\"818\">\n<h2>Tehni\u010dke karakteristike<\/h2>\n<p>Nazivni napon (Uo\/U): 0,6\/1 kV<\/p>\n<p>Ispitni napon: 4 kV AC 50 Hz, 5 min<\/p>\n<p>Minimalna temperatura za polaganje kabela: -20\u00b0C<\/p>\n<p>Temperaturni raspon okoline: -40\u00b0C do +40\u00b0C<\/p>\n<p>Maksimalna radna temperatura vodi\u010da: 70\u00b0C<\/p>\n<p>Maksimalna kratkotrajna temperatura (do 1 s): 135\u00b0C<\/p>\n<p>Oznaka na kabelu: naziv proizvo\u0111a\u010da, tip kabela, godina proizvodnje, oznaka metra\u017ee<\/p>\n<p>Trajnost oznake na kabelu: 5 godina<\/p>\n<p>Predvi\u0111eni vijek trajanja kabela: 40 godina<\/p>\n","protected":false},"excerpt":{"rendered":"<p>Samonose\u0107i snopirani nadzemni kabel 0,6\/1 kV<\/p>\n","protected":false},"author":3,"featured_media":4447,"template":"","meta":{"_acf_changed":false},"product_brand":[87],"product_cat":[185,289,186,273,200,205,215,351,187,264,228,271,208,335,193,194,188,212,189],"product_tag":[],"class_list":{"0":"post-4443","1":"product","2":"type-product","3":"status-publish","4":"has-post-thumbnail","6":"product_brand-ttcables","7":"product_cat-certifikat","8":"product_cat-ce-hr","9":"product_cat-drzava","10":"product_cat-energetski-kabeli","11":"product_cat-estonija","12":"product_cat-finska","13":"product_cat-gradevinarstvo","14":"product_cat-hd-626-s1-hr","15":"product_cat-industrija","16":"product_cat-industrijski-kabeli","17":"product_cat-mreze-za-prijenos-distribuciju-i-napajanje","18":"product_cat-nadzemni-kabeli","19":"product_cat-norveska","20":"product_cat-part-5d-hr-hr","21":"product_cat-reach-hr","22":"product_cat-rohs-hr","23":"product_cat-standard-hr","24":"product_cat-svedska","25":"product_cat-tip","27":"first","28":"instock","29":"shipping-taxable","30":"product-type-simple"},"acf":[],"_links":{"self":[{"href":"https:\/\/www.ttcables.com\/hr\/wp-json\/wp\/v2\/product\/4443","targetHints":{"allow":["GET"]}}],"collection":[{"href":"https:\/\/www.ttcables.com\/hr\/wp-json\/wp\/v2\/product"}],"about":[{"href":"https:\/\/www.ttcables.com\/hr\/wp-json\/wp\/v2\/types\/product"}],"author":[{"embeddable":true,"href":"https:\/\/www.ttcables.com\/hr\/wp-json\/wp\/v2\/users\/3"}],"wp:featuredmedia":[{"embeddable":true,"href":"https:\/\/www.ttcables.com\/hr\/wp-json\/wp\/v2\/media\/4447"}],"wp:attachment":[{"href":"https:\/\/www.ttcables.com\/hr\/wp-json\/wp\/v2\/media?parent=4443"}],"wp:term":[{"taxonomy":"product_brand","embeddable":true,"href":"https:\/\/www.ttcables.com\/hr\/wp-json\/wp\/v2\/product_brand?post=4443"},{"taxonomy":"product_cat","embeddable":true,"href":"https:\/\/www.ttcables.com\/hr\/wp-json\/wp\/v2\/product_cat?post=4443"},{"taxonomy":"product_tag","embeddable":true,"href":"https:\/\/www.ttcables.com\/hr\/wp-json\/wp\/v2\/product_tag?post=4443"}],"curies":[{"name":"wp","href":"https:\/\/api.w.org\/{rel}","templated":true}]}}