{"id":4607,"date":"2025-10-21T09:25:30","date_gmt":"2025-10-21T07:25:30","guid":{"rendered":"https:\/\/www.ttcables.com\/?post_type=product&#038;p=4607"},"modified":"2025-10-21T09:44:51","modified_gmt":"2025-10-21T07:44:51","slug":"u1000-rv-k_hr","status":"publish","type":"product","link":"https:\/\/www.ttcables.com\/hr\/proizvod\/u1000-rv-k_hr\/","title":{"rendered":"U1000 RV-K"},"content":{"rendered":"<h2>Podru\u010dje primjene<\/h2>\n<p>Kabel je pogodan za ku\u0107ne i industrijske instalacije. Predvi\u0111en je za ugradnju na ili ispod \u017ebuke, u zidove ili u beton, bez potrebe za dodatnom mehani\u010dkom za\u0161titom (osim u suhom ili prednapregnutom betonu, gdje se ne smije koristiti). Zahvaljuju\u0107i svojoj fleksibilnosti, znatno olak\u0161ava instalaciju. Mo\u017ee se koristiti u suhim, vla\u017enim ili mokrim prostorima, kako u zatvorenom tako i na otvorenom, bez potrebe za dodatnom za\u0161titom.<\/p>\n<h2>Konstrukcija<\/h2>\n<p data-start=\"771\" data-end=\"818\">Vodi\u010di: Bakar (Cu), klasa 5 prema EN 60228<br \/>\nIzolacija: XLPE smjesa<br \/>\nPodloga (bedding): Ekstrudirana elastomerna ili plastomerna smjesa<br \/>\nVanjski pla\u0161t: PVC smjesa<\/p>\n<h2>Tehni\u010dke karakteristike<\/h2>\n<p>Nazivni napon (Uo\/U): 0,6\/1 kV AC; 1,5\/1,5 kV DC<br \/>\nNajni\u017ea temperatura ugradnje: -5 \u00b0C<br \/>\nMaksimalna temperatura vodi\u010da u radu: 90 \u00b0C<br \/>\nMaksimalna temperatura kratkog spoja: 250 \u00b0C<br \/>\nNajni\u017ea ambijentalna temperatura za fiksnu ugradnju: -35 \u00b0C<br \/>\nMinimalni radijus savijanja: 8D (D \u2013 vanjski promjer kabela)<br \/>\nCPR klasa (EN 50575, EN 13501-6): Eca<\/p>\n","protected":false},"excerpt":{"rendered":"<p>Energetski kabel s XLPE izolacijom i PVC pla\u0161tom, s bakrenim vodi\u010dima, nazivnog napona 0,6\/1 kV.<\/p>\n","protected":false},"author":3,"featured_media":4611,"template":"","meta":{"_acf_changed":false},"product_brand":[87],"product_cat":[185,289,186,273,215,192,239,187,264,228,193,194,379,188,189],"product_tag":[],"class_list":{"0":"post-4607","1":"product","2":"type-product","3":"status-publish","4":"has-post-thumbnail","6":"product_brand-ttcables","7":"product_cat-certifikat","8":"product_cat-ce-hr","9":"product_cat-drzava","10":"product_cat-energetski-kabeli","11":"product_cat-gradevinarstvo","12":"product_cat-iec-hr","13":"product_cat-iec-60502-1-hr","14":"product_cat-industrija","15":"product_cat-industrijski-kabeli","16":"product_cat-mreze-za-prijenos-distribuciju-i-napajanje","17":"product_cat-reach-hr","18":"product_cat-rohs-hr","19":"product_cat-spanjolska","20":"product_cat-standard-hr","21":"product_cat-tip","23":"first","24":"instock","25":"shipping-taxable","26":"product-type-simple"},"acf":[],"_links":{"self":[{"href":"https:\/\/www.ttcables.com\/hr\/wp-json\/wp\/v2\/product\/4607","targetHints":{"allow":["GET"]}}],"collection":[{"href":"https:\/\/www.ttcables.com\/hr\/wp-json\/wp\/v2\/product"}],"about":[{"href":"https:\/\/www.ttcables.com\/hr\/wp-json\/wp\/v2\/types\/product"}],"author":[{"embeddable":true,"href":"https:\/\/www.ttcables.com\/hr\/wp-json\/wp\/v2\/users\/3"}],"wp:featuredmedia":[{"embeddable":true,"href":"https:\/\/www.ttcables.com\/hr\/wp-json\/wp\/v2\/media\/4611"}],"wp:attachment":[{"href":"https:\/\/www.ttcables.com\/hr\/wp-json\/wp\/v2\/media?parent=4607"}],"wp:term":[{"taxonomy":"product_brand","embeddable":true,"href":"https:\/\/www.ttcables.com\/hr\/wp-json\/wp\/v2\/product_brand?post=4607"},{"taxonomy":"product_cat","embeddable":true,"href":"https:\/\/www.ttcables.com\/hr\/wp-json\/wp\/v2\/product_cat?post=4607"},{"taxonomy":"product_tag","embeddable":true,"href":"https:\/\/www.ttcables.com\/hr\/wp-json\/wp\/v2\/product_tag?post=4607"}],"curies":[{"name":"wp","href":"https:\/\/api.w.org\/{rel}","templated":true}]}}