{"id":5147,"date":"2026-05-07T08:39:54","date_gmt":"2026-05-07T06:39:54","guid":{"rendered":"https:\/\/www.ttcables.com\/?post_type=product&#038;p=5147"},"modified":"2026-05-07T09:58:21","modified_gmt":"2026-05-07T07:58:21","slug":"at-n05vv-r","status":"publish","type":"product","link":"https:\/\/www.ttcables.com\/hr\/proizvod\/at-n05vv-r\/","title":{"rendered":"AT-N05VV-R"},"content":{"rendered":"<h2>PODRU\u010cJE PRIMJENE<\/h2>\n<p>Instalacijski kabel pogodan za upotrebu u ku\u0107anstvu i industriji. Pola\u017ee se u, na ili ispod \u017ebuke, u zidove ili u beton, bez naro\u010dite mehani\u010dke za\u0161tite, ali ne u suhi ili prenapregnuti beton. Pogodni za suhu, kao i za vla\u017enu i mokru okolinu; za unutarnju ili vanjsku upotrebu (samo ako je kabel za\u0161ti\u0107en od direktnog sun\u010devog svjetla).<\/p>\n<h2><strong>KONSTRUKCIJA<\/strong><\/h2>\n<p>Vodi\u010di: Cu vodi\u010di, klasa 1 ili 2 prema normi EN 60228<br \/>\nIzolacija: PVC masa, tip TI 1<br \/>\nIspuna: PVC ili EPDM masa<br \/>\nPla\u0161t: PVC masa, tip TM 1<\/p>\n","protected":false},"excerpt":{"rendered":"<p>Instalacijski kabeli 300\/500 V, izolirani i pla\u0161tirani PVC-om<\/p>\n","protected":false},"author":3,"featured_media":5143,"template":"","meta":{"_acf_changed":false},"product_brand":[],"product_cat":[196,289,302,192,238,260,228,341,243,275,193,194],"product_tag":[],"class_list":{"0":"post-5147","1":"product","2":"type-product","3":"status-publish","4":"has-post-thumbnail","6":"product_cat-austrija","7":"product_cat-ce-hr","8":"product_cat-cpr-hr","9":"product_cat-iec-hr","10":"product_cat-iec-60227-4-hr","11":"product_cat-instalacijski-vodovi-s-izolacijom","12":"product_cat-mreze-za-prijenos-distribuciju-i-napajanje","13":"product_cat-lv-installation-cables-hr","14":"product_cat-ove-e-8242-hr","15":"product_cat-pvc-finozicni-kabeli","16":"product_cat-reach-hr","17":"product_cat-rohs-hr","19":"first","20":"instock","21":"shipping-taxable","22":"product-type-simple"},"acf":[],"_links":{"self":[{"href":"https:\/\/www.ttcables.com\/hr\/wp-json\/wp\/v2\/product\/5147","targetHints":{"allow":["GET"]}}],"collection":[{"href":"https:\/\/www.ttcables.com\/hr\/wp-json\/wp\/v2\/product"}],"about":[{"href":"https:\/\/www.ttcables.com\/hr\/wp-json\/wp\/v2\/types\/product"}],"author":[{"embeddable":true,"href":"https:\/\/www.ttcables.com\/hr\/wp-json\/wp\/v2\/users\/3"}],"wp:featuredmedia":[{"embeddable":true,"href":"https:\/\/www.ttcables.com\/hr\/wp-json\/wp\/v2\/media\/5143"}],"wp:attachment":[{"href":"https:\/\/www.ttcables.com\/hr\/wp-json\/wp\/v2\/media?parent=5147"}],"wp:term":[{"taxonomy":"product_brand","embeddable":true,"href":"https:\/\/www.ttcables.com\/hr\/wp-json\/wp\/v2\/product_brand?post=5147"},{"taxonomy":"product_cat","embeddable":true,"href":"https:\/\/www.ttcables.com\/hr\/wp-json\/wp\/v2\/product_cat?post=5147"},{"taxonomy":"product_tag","embeddable":true,"href":"https:\/\/www.ttcables.com\/hr\/wp-json\/wp\/v2\/product_tag?post=5147"}],"curies":[{"name":"wp","href":"https:\/\/api.w.org\/{rel}","templated":true}]}}